{"id":9903,"date":"2015-03-12T16:17:44","date_gmt":"2015-03-12T16:17:44","guid":{"rendered":"https:\/\/international-darchitecture.com\/nuestra-agencia\/"},"modified":"2024-04-24T13:33:46","modified_gmt":"2024-04-24T13:33:46","slug":"nuestra-agencia","status":"publish","type":"page","link":"https:\/\/international-darchitecture.com\/es\/nuestra-agencia\/","title":{"rendered":"NUESTRA AGENCIA"},"content":{"rendered":"<div class=\"wpb-content-wrapper\"><p>[vc_row][vc_column][vc_empty_space height=\u00bb10px\u00bb][\/vc_column][\/vc_row][vc_row][vc_column width=\u00bb1\/2&#8243;][vc_column_text]La agencia INTERNATIONAL D\u2019ARCHITECTURE re\u00fane a un equipo altamente calificado y dispone de una experiencia en varias aplicaciones.<\/p>\n<p>Creada en el a\u00f1o 2001 INTERNATIONAL D\u2019ARCHITECTURE beneficia de una imagen cuidadosamente cultivada gracias a las numerosas operaciones de Viviendas, Oficinas, Hoteles, Equipamiento publico y otros proyectos urbanos realizados.[\/vc_column_text][vc_single_image image=\u00bb7833&#8243; img_size=\u00bblarge\u00bb][lab_vc_social_networks display_type=\u00bbrounded-icons\u00bb colored=\u00bbbg\u00bb][\/vc_column][vc_column width=\u00bb1\/2&#8243;][vc_single_image image=\u00bb7795&#8243; img_size=\u00bblarge\u00bb alignment=\u00bbright\u00bb][\/vc_column][\/vc_row][vc_row][vc_column width=\u00bb1\/3&#8243;][vc_column_text]EL ENFOQUE[\/vc_column_text][vc_separator][vc_column_text]El enfoque b\u00e1sico es de ser espec\u00edfico al sitio. De expresar el esp\u00edritu del lugar.[\/vc_column_text][\/vc_column][vc_column width=\u00bb1\/3&#8243;][vc_column_text]LA ARMON\u00cdA[\/vc_column_text][vc_separator][vc_column_text]La armon\u00eda siempre ha sido la base de la arquitectura. Por eso INTERNATIONAL D&#8217;ARCHITECUTRE se esfuerza de evitar una est\u00e9tica demasiado personal, prefiriendo un an\u00e1lisis en su contexto y sus requerimientos de programaci\u00f3n.[\/vc_column_text][\/vc_column][vc_column width=\u00bb1\/3&#8243;][vc_column_text]EL MEDIO AMBIENTE[\/vc_column_text][vc_separator][vc_column_text]El concepto de la agencia se basa en el respeto del medio ambiente, la integraci\u00f3n en el sitio, el desarrollo durable y la optimizaci\u00f3n del espacio privilegiando la calidad.[\/vc_column_text][\/vc_column][\/vc_row][vc_row][vc_column][vc_single_image image=\u00bb9591&#8243; img_size=\u00bbfull\u00bb alignment=\u00bbcenter\u00bb][\/vc_column][\/vc_row][vc_row][vc_column][lab_button title=\u00bbREGRESO\u00bb type=\u00bbstandard\u00bb button_bg=\u00bbcustom\u00bb link=\u00bburl:http%3A%2F%2Finternational-darchitecture.com%2F|\u00bb button_bg_custom=\u00bb#263cdf\u00bb button_txt_custom=\u00bb#ffffff\u00bb button_txt_hover_custom=\u00bb#ffffff\u00bb][\/vc_column][\/vc_row]<\/p>\n<\/div>","protected":false},"excerpt":{"rendered":"<p>[vc_row][vc_column][vc_empty_space height=\u00bb10px\u00bb][\/vc_column][\/vc_row][vc_row][vc_column width=\u00bb1\/2&#8243;][vc_column_text]La agencia INTERNATIONAL D\u2019ARCHITECTURE re\u00fane a un equipo altamente calificado y dispone de una experiencia en varias aplicaciones. Creada en el a\u00f1o 2001 INTERNATIONAL D\u2019ARCHITECTURE beneficia de una imagen cuidadosamente cultivada gracias a las numerosas operaciones de Viviendas, Oficinas, Hoteles, Equipamiento publico y otros proyectos urbanos realizados.[\/vc_column_text][vc_single_image image=\u00bb7833&#8243; img_size=\u00bblarge\u00bb][lab_vc_social_networks display_type=\u00bbrounded-icons\u00bb colored=\u00bbbg\u00bb][\/vc_column][vc_column width=\u00bb1\/2&#8243;][vc_single_image image=\u00bb7795&#8243;&hellip;<\/p>\n","protected":false},"author":1,"featured_media":0,"parent":0,"menu_order":0,"comment_status":"open","ping_status":"closed","template":"","meta":{"_acf_changed":false,"footnotes":""},"class_list":["post-9903","page","type-page","status-publish","hentry"],"acf":[],"_links":{"self":[{"href":"https:\/\/international-darchitecture.com\/es\/wp-json\/wp\/v2\/pages\/9903","targetHints":{"allow":["GET"]}}],"collection":[{"href":"https:\/\/international-darchitecture.com\/es\/wp-json\/wp\/v2\/pages"}],"about":[{"href":"https:\/\/international-darchitecture.com\/es\/wp-json\/wp\/v2\/types\/page"}],"author":[{"embeddable":true,"href":"https:\/\/international-darchitecture.com\/es\/wp-json\/wp\/v2\/users\/1"}],"replies":[{"embeddable":true,"href":"https:\/\/international-darchitecture.com\/es\/wp-json\/wp\/v2\/comments?post=9903"}],"version-history":[{"count":10,"href":"https:\/\/international-darchitecture.com\/es\/wp-json\/wp\/v2\/pages\/9903\/revisions"}],"predecessor-version":[{"id":9916,"href":"https:\/\/international-darchitecture.com\/es\/wp-json\/wp\/v2\/pages\/9903\/revisions\/9916"}],"wp:attachment":[{"href":"https:\/\/international-darchitecture.com\/es\/wp-json\/wp\/v2\/media?parent=9903"}],"curies":[{"name":"wp","href":"https:\/\/api.w.org\/{rel}","templated":true}]}}